{"id":95,"date":"2025-05-28T16:59:29","date_gmt":"2025-05-28T14:59:29","guid":{"rendered":"http:\/\/localhost\/sbard1\/?page_id=95"},"modified":"2025-05-28T16:59:30","modified_gmt":"2025-05-28T14:59:30","slug":"directiva-chuquisaca","status":"publish","type":"page","link":"http:\/\/localhost\/sbard1\/directiva-chuquisaca\/","title":{"rendered":"Directiva Chuquisaca"},"content":{"rendered":"\n<p><strong>Sociedad Boliviana de Anestesiolog\u00eda, Reanimaci\u00f3n y Dolor filial Chuquisaca<\/strong><\/p>\n\n\n\n<p>Presidente:&nbsp;&nbsp;&nbsp;&nbsp;&nbsp;&nbsp;&nbsp;&nbsp;&nbsp;&nbsp;&nbsp;&nbsp;&nbsp;&nbsp;&nbsp;&nbsp;&nbsp;&nbsp;&nbsp;&nbsp;&nbsp;&nbsp;&nbsp;Dra. Mar\u00eda Teresa Ambolumbet Matienzo<\/p>\n\n\n\n<p>Secretario Cient\u00edfico&nbsp;&nbsp;&nbsp;&nbsp;&nbsp;&nbsp;&nbsp;&nbsp;Dr. Ferdinand C\u00e1rdenas Tito<\/p>\n\n\n\n<p>Secretaria General&nbsp;&nbsp;&nbsp;&nbsp;&nbsp;&nbsp;&nbsp;&nbsp;&nbsp;&nbsp;&nbsp;Dra. Mirka Rivera D\u00edaz<\/p>\n\n\n\n<p>Secretaria de Hacienda&nbsp;&nbsp;&nbsp;&nbsp;Dra. \u00c1ngela Carmi\u00f1a Torres Amusquivar<\/p>\n\n\n\n<p>Vocal&nbsp;&nbsp;&nbsp;&nbsp;&nbsp;&nbsp;&nbsp;&nbsp;&nbsp;&nbsp;&nbsp;&nbsp;&nbsp;&nbsp;&nbsp;&nbsp;&nbsp;&nbsp;&nbsp;&nbsp;&nbsp;&nbsp;&nbsp;&nbsp;&nbsp;&nbsp;&nbsp;&nbsp;&nbsp;&nbsp;&nbsp;&nbsp;&nbsp;Dr. Agust\u00edn Querejazu Torrico<\/p>\n\n\n\n<p>Vocal&nbsp;&nbsp;&nbsp;&nbsp;&nbsp;&nbsp;&nbsp;&nbsp;&nbsp;&nbsp;&nbsp;&nbsp;&nbsp;&nbsp;&nbsp;&nbsp;&nbsp;&nbsp;&nbsp;&nbsp;&nbsp;&nbsp;&nbsp;&nbsp;&nbsp;&nbsp;&nbsp;&nbsp;&nbsp;&nbsp;&nbsp;&nbsp;&nbsp;Dr.&nbsp;&nbsp;Lucio Fernando Melgar Garc\u00eda<\/p>\n","protected":false},"excerpt":{"rendered":"<p>Sociedad Boliviana de Anestesiolog\u00eda, Reanimaci\u00f3n y Dolor filial Chuquisaca Presidente:&nbsp;&nbsp;&nbsp;&nbsp;&nbsp;&nbsp;&nbsp;&nbsp;&nbsp;&nbsp;&nbsp;&nbsp;&nbsp;&nbsp;&nbsp;&nbsp;&nbsp;&nbsp;&nbsp;&nbsp;&nbsp;&nbsp;&nbsp;Dra. Mar\u00eda Teresa Ambolumbet Matienzo Secretario Cient\u00edfico&nbsp;&nbsp;&nbsp;&nbsp;&nbsp;&nbsp;&nbsp;&nbsp;Dr. Ferdinand C\u00e1rdenas Tito Secretaria General&nbsp;&nbsp;&nbsp;&nbsp;&nbsp;&nbsp;&nbsp;&nbsp;&nbsp;&nbsp;&nbsp;Dra. Mirka Rivera D\u00edaz Secretaria de Hacienda&nbsp;&nbsp;&nbsp;&nbsp;Dra. \u00c1ngela Carmi\u00f1a Torres Amusquivar Vocal&nbsp;&nbsp;&nbsp;&nbsp;&nbsp;&nbsp;&nbsp;&nbsp;&nbsp;&nbsp;&nbsp;&nbsp;&nbsp;&nbsp;&nbsp;&nbsp;&nbsp;&nbsp;&nbsp;&nbsp;&nbsp;&nbsp;&nbsp;&nbsp;&nbsp;&nbsp;&nbsp;&nbsp;&nbsp;&nbsp;&nbsp;&nbsp;&nbsp;Dr. Agust\u00edn Querejazu Torrico Vocal&nbsp;&nbsp;&nbsp;&nbsp;&nbsp;&nbsp;&nbsp;&nbsp;&nbsp;&nbsp;&nbsp;&nbsp;&nbsp;&nbsp;&nbsp;&nbsp;&nbsp;&nbsp;&nbsp;&nbsp;&nbsp;&nbsp;&nbsp;&nbsp;&nbsp;&nbsp;&nbsp;&nbsp;&nbsp;&nbsp;&nbsp;&nbsp;&nbsp;Dr.&nbsp;&nbsp;Lucio Fernando Melgar Garc\u00eda<\/p>\n","protected":false},"author":1,"featured_media":0,"parent":0,"menu_order":0,"comment_status":"closed","ping_status":"closed","template":"","meta":{"_themeisle_gutenberg_block_has_review":false,"footnotes":""},"class_list":["post-95","page","type-page","status-publish","hentry"],"_links":{"self":[{"href":"http:\/\/localhost\/sbard1\/wp-json\/wp\/v2\/pages\/95","targetHints":{"allow":["GET"]}}],"collection":[{"href":"http:\/\/localhost\/sbard1\/wp-json\/wp\/v2\/pages"}],"about":[{"href":"http:\/\/localhost\/sbard1\/wp-json\/wp\/v2\/types\/page"}],"author":[{"embeddable":true,"href":"http:\/\/localhost\/sbard1\/wp-json\/wp\/v2\/users\/1"}],"replies":[{"embeddable":true,"href":"http:\/\/localhost\/sbard1\/wp-json\/wp\/v2\/comments?post=95"}],"version-history":[{"count":1,"href":"http:\/\/localhost\/sbard1\/wp-json\/wp\/v2\/pages\/95\/revisions"}],"predecessor-version":[{"id":96,"href":"http:\/\/localhost\/sbard1\/wp-json\/wp\/v2\/pages\/95\/revisions\/96"}],"wp:attachment":[{"href":"http:\/\/localhost\/sbard1\/wp-json\/wp\/v2\/media?parent=95"}],"curies":[{"name":"wp","href":"https:\/\/api.w.org\/{rel}","templated":true}]}}