{"id":91,"date":"2025-05-28T16:54:37","date_gmt":"2025-05-28T14:54:37","guid":{"rendered":"http:\/\/localhost\/sbard1\/?page_id=91"},"modified":"2025-06-01T01:16:50","modified_gmt":"2025-05-31T23:16:50","slug":"mision-y-vision","status":"publish","type":"page","link":"http:\/\/localhost\/sbard1\/mision-y-vision\/","title":{"rendered":"Misi\u00f3n visi\u00f3n y Valores"},"content":{"rendered":"\n<p><strong>MISI\u00d3N<\/strong><\/p>\n\n\n\n<p>Somos la instituci\u00f3n que une y representa a los anestesi\u00f3logos de Bolivia. Promovemos la especialidad m\u00e9dica encargada al alivio del dolor y al total cuidado de los pacientes antes, durante y despu\u00e9s de un acto quir\u00fargico.<\/p>\n\n\n\n<p><strong>VISI\u00d3N<\/strong><\/p>\n\n\n\n<p>Ser la instituci\u00f3n de anestesiolog\u00eda encargada de defender y representar a los anestesi\u00f3logos referente a nivel internacional.<\/p>\n\n\n\n<p><strong>VALORES<\/strong><\/p>\n\n\n\n<p>se enfatiza la importancia de la calidad en la atenci\u00f3n, la empat\u00eda, la confidencialidad y la seguridad del paciente.<\/p>\n","protected":false},"excerpt":{"rendered":"<p>MISI\u00d3N Somos la instituci\u00f3n que une y representa a los anestesi\u00f3logos de Bolivia. Promovemos la especialidad m\u00e9dica encargada al alivio del dolor y al total cuidado de los pacientes antes, durante y despu\u00e9s de un acto quir\u00fargico. VISI\u00d3N Ser la instituci\u00f3n de anestesiolog\u00eda encargada de defender y representar a los [&hellip;]<\/p>\n","protected":false},"author":1,"featured_media":0,"parent":0,"menu_order":0,"comment_status":"closed","ping_status":"closed","template":"","meta":{"_themeisle_gutenberg_block_has_review":false,"footnotes":""},"class_list":["post-91","page","type-page","status-publish","hentry"],"_links":{"self":[{"href":"http:\/\/localhost\/sbard1\/wp-json\/wp\/v2\/pages\/91","targetHints":{"allow":["GET"]}}],"collection":[{"href":"http:\/\/localhost\/sbard1\/wp-json\/wp\/v2\/pages"}],"about":[{"href":"http:\/\/localhost\/sbard1\/wp-json\/wp\/v2\/types\/page"}],"author":[{"embeddable":true,"href":"http:\/\/localhost\/sbard1\/wp-json\/wp\/v2\/users\/1"}],"replies":[{"embeddable":true,"href":"http:\/\/localhost\/sbard1\/wp-json\/wp\/v2\/comments?post=91"}],"version-history":[{"count":2,"href":"http:\/\/localhost\/sbard1\/wp-json\/wp\/v2\/pages\/91\/revisions"}],"predecessor-version":[{"id":221,"href":"http:\/\/localhost\/sbard1\/wp-json\/wp\/v2\/pages\/91\/revisions\/221"}],"wp:attachment":[{"href":"http:\/\/localhost\/sbard1\/wp-json\/wp\/v2\/media?parent=91"}],"curies":[{"name":"wp","href":"https:\/\/api.w.org\/{rel}","templated":true}]}}