{"id":85,"date":"2025-05-28T16:50:48","date_gmt":"2025-05-28T14:50:48","guid":{"rendered":"http:\/\/localhost\/sbard1\/?page_id=85"},"modified":"2026-02-16T16:17:25","modified_gmt":"2026-02-16T20:17:25","slug":"presentacion","status":"publish","type":"page","link":"http:\/\/localhost\/sbard1\/presentacion\/","title":{"rendered":"Presentaci\u00f3n"},"content":{"rendered":"\n<p>La Sociedad de Boliviana de Anestesiolog\u00eda, Reanimaci\u00f3n y Dolor (SBARD) es una organizaci\u00f3n gremial sin fines de lucro que representa a los anestesi\u00f3logos del pa\u00eds. Fue fundada el 9 de diciembre de 1960.<\/p>\n\n\n\n<p>La SBARD desempe\u00f1a temas relacionados con la educaci\u00f3n m\u00e9dica y el bienestar de sus representados. No desarrolla actividades pol\u00edtico partidarias.<\/p>\n\n\n\n<p>La SBARD es la m\u00e1xima organizaci\u00f3n de anestesiolog\u00eda de Bolivia y, en la actualidad, est\u00e1 conformada por nueve filiales departamentales, que agrupan a m\u00e1s de 600 anestesi\u00f3logos en todo el territorio nacional.<\/p>\n","protected":false},"excerpt":{"rendered":"<p>La Sociedad de Boliviana de Anestesiolog\u00eda, Reanimaci\u00f3n y Dolor (SBARD) es una organizaci\u00f3n gremial sin fines de lucro que representa a los anestesi\u00f3logos del pa\u00eds. Fue fundada el 9 de diciembre de 1960. La SBARD desempe\u00f1a temas relacionados con la educaci\u00f3n m\u00e9dica y el bienestar de sus representados. No desarrolla [&hellip;]<\/p>\n","protected":false},"author":1,"featured_media":0,"parent":0,"menu_order":0,"comment_status":"closed","ping_status":"closed","template":"","meta":{"_themeisle_gutenberg_block_has_review":false,"footnotes":""},"class_list":["post-85","page","type-page","status-publish","hentry"],"_links":{"self":[{"href":"http:\/\/localhost\/sbard1\/wp-json\/wp\/v2\/pages\/85","targetHints":{"allow":["GET"]}}],"collection":[{"href":"http:\/\/localhost\/sbard1\/wp-json\/wp\/v2\/pages"}],"about":[{"href":"http:\/\/localhost\/sbard1\/wp-json\/wp\/v2\/types\/page"}],"author":[{"embeddable":true,"href":"http:\/\/localhost\/sbard1\/wp-json\/wp\/v2\/users\/1"}],"replies":[{"embeddable":true,"href":"http:\/\/localhost\/sbard1\/wp-json\/wp\/v2\/comments?post=85"}],"version-history":[{"count":2,"href":"http:\/\/localhost\/sbard1\/wp-json\/wp\/v2\/pages\/85\/revisions"}],"predecessor-version":[{"id":371,"href":"http:\/\/localhost\/sbard1\/wp-json\/wp\/v2\/pages\/85\/revisions\/371"}],"wp:attachment":[{"href":"http:\/\/localhost\/sbard1\/wp-json\/wp\/v2\/media?parent=85"}],"curies":[{"name":"wp","href":"https:\/\/api.w.org\/{rel}","templated":true}]}}