{"id":107,"date":"2025-05-28T17:02:58","date_gmt":"2025-05-28T15:02:58","guid":{"rendered":"http:\/\/localhost\/sbard1\/?page_id=107"},"modified":"2025-05-28T17:11:05","modified_gmt":"2025-05-28T15:11:05","slug":"requisitos-socios-aspirantes-o-adherentes","status":"publish","type":"page","link":"http:\/\/localhost\/sbard1\/requisitos-socios-aspirantes-o-adherentes\/","title":{"rendered":"Requisitos socios aspirantes o adherentes"},"content":{"rendered":"\n<p>\u2022 M\u00e9dicos en formaci\u00f3n de la especialidad en base al sistema de residencias medicas anestesiol\u00f3gicas reconocidas por la SBARD hasta completar para ser socio activo.<\/p>\n\n\n\n<p>\u2022 Deber\u00e1 ser presentado por dos socios activos con cartas<\/p>\n\n\n\n<p>\u2022 Ser aceptados por la comisi\u00f3n educativa y en asambleas de la SBARD deber\u00e1 ser aprobada por mayor\u00eda.<\/p>\n\n\n\n<p>\u2022 Tendr\u00e1 derecho a participar en actividades cient\u00edficas y obligaci\u00f3n de colaborar en organizaci\u00f3n de las mismas siempre y cuando no intervenga con su formaci\u00f3n acad\u00e9mica.<\/p>\n\n\n\n<p>\u2022 No pueden ocupar cargos en la comisi\u00f3n directiva.<\/p>\n\n\n\n<p>\u2022 Tendr\u00e1 voz pero no voto en las asambleas y reuniones<\/p>\n\n\n\n<p>\u2022 Pagar el 50 % de cuota a la sociedad.<\/p>\n\n\n\n<p>\u2022 T\u00edtulo de licenciatura en medicina<\/p>\n\n\n\n<p>\u2022 Presentar Certificaci\u00f3n de estar inscrito y cursando la residencia otorgada por posgrado de la facultad de medicina<\/p>\n\n\n\n<p>\u2022 Estar activos en el Colegio M\u00e9dico de Bolivia. Deber\u00e1 ser renovada anualmente<\/p>\n","protected":false},"excerpt":{"rendered":"<p>\u2022 M\u00e9dicos en formaci\u00f3n de la especialidad en base al sistema de residencias medicas anestesiol\u00f3gicas reconocidas por la SBARD hasta completar para ser socio activo. \u2022 Deber\u00e1 ser presentado por dos socios activos con cartas \u2022 Ser aceptados por la comisi\u00f3n educativa y en asambleas de la SBARD deber\u00e1 ser [&hellip;]<\/p>\n","protected":false},"author":1,"featured_media":0,"parent":0,"menu_order":0,"comment_status":"closed","ping_status":"closed","template":"","meta":{"_themeisle_gutenberg_block_has_review":false,"footnotes":""},"class_list":["post-107","page","type-page","status-publish","hentry"],"_links":{"self":[{"href":"http:\/\/localhost\/sbard1\/wp-json\/wp\/v2\/pages\/107","targetHints":{"allow":["GET"]}}],"collection":[{"href":"http:\/\/localhost\/sbard1\/wp-json\/wp\/v2\/pages"}],"about":[{"href":"http:\/\/localhost\/sbard1\/wp-json\/wp\/v2\/types\/page"}],"author":[{"embeddable":true,"href":"http:\/\/localhost\/sbard1\/wp-json\/wp\/v2\/users\/1"}],"replies":[{"embeddable":true,"href":"http:\/\/localhost\/sbard1\/wp-json\/wp\/v2\/comments?post=107"}],"version-history":[{"count":1,"href":"http:\/\/localhost\/sbard1\/wp-json\/wp\/v2\/pages\/107\/revisions"}],"predecessor-version":[{"id":108,"href":"http:\/\/localhost\/sbard1\/wp-json\/wp\/v2\/pages\/107\/revisions\/108"}],"wp:attachment":[{"href":"http:\/\/localhost\/sbard1\/wp-json\/wp\/v2\/media?parent=107"}],"curies":[{"name":"wp","href":"https:\/\/api.w.org\/{rel}","templated":true}]}}